{"id":10147,"date":"2025-01-21T09:18:03","date_gmt":"2025-01-21T09:18:03","guid":{"rendered":"https:\/\/www.imwf.de\/excellence-check-reputations-for-corporate-communications\/"},"modified":"2025-10-14T12:33:16","modified_gmt":"2025-10-14T12:33:16","slug":"excellence-check-reputations-for-corporate-communications","status":"publish","type":"page","link":"https:\/\/www.imwf.de\/en\/excellence-check-reputations-for-corporate-communications\/","title":{"rendered":"Excellence Check Media Reputation"},"content":{"rendered":"<section class=\"wpb-content-wrapper\"><p>[vc_row full_width=&#8221;stretch_row&#8221; css=&#8221;.vc_custom_1713189085169{padding-top: 35px !important;padding-bottom: 35px !important;background-color: #419342 !important;}&#8221;][vc_column][vc_column_text]<\/p>\n<blockquote style=\"background-color: #ffffff;\">\n<h3 style=\"text-align: left;\"><strong>Excellence Check: Media Reputation<\/strong><\/h3>\n<p>Our <strong>reputation check <\/strong>is an essential tool for corporate communications to continuously measure and specifically manage the public perception of your company. It enables you to identify <g id=\"gid_1\">risks<\/g> at an early stage, exploit <g id=\"gid_2\">opportunities<\/g> and position your company as a credible and trustworthy market leader. In a world where reputation is a key competitive advantage, a regular reputation check can make the difference between success and failure.  <\/p>\n<\/blockquote>\n<p>[\/vc_column_text][\/vc_column][\/vc_row][vc_row css=&#8221;.vc_custom_1737449047084{margin-top: 30px !important;}&#8221;][vc_column width=&#8221;1\/4&#8243;][stm_info_box title=&#8221;Early warning system&#8221;]A regular reputation check helps you to identify potential risks or negative developments in public perception at an early stage. This allows you to adjust communication measures in good time before any reputational damage occurs. [\/stm_info_box][\/vc_column][vc_column width=&#8221;1\/4&#8243;][stm_info_box title=&#8221;Theme control&#8221;]Whether sustainability, innovation or crisis communication &#8211; an overview of reputation shows you which topics really influence public perception. This allows you to target your communication strategies. [\/stm_info_box][\/vc_column][vc_column width=&#8221;1\/4&#8243;][stm_info_box title=&#8221;Market position&#8221;]With a reputation check, you can compare your public perception with that of your competitors. This allows you to identify strengths and weaknesses in your communication and expand your market position in a targeted manner &#8211; for greater appeal to your stakeholders. [\/stm_info_box][\/vc_column][vc_column width=&#8221;1\/4&#8243;][stm_info_box title=&#8221;Performance review&#8221;]With a reputation check, you can measure how effective your communication measures are. Changes in reputation and the identification of relevant topics allow you to draw conclusions about which strategies are working and which you can optimize. [\/stm_info_box][\/vc_column][\/vc_row][vc_row full_width=&#8221;stretch_row&#8221; css=&#8221;.vc_custom_1737449956431{margin-top: 25px !important;background-color: #f2f2f2 !important;}&#8221;][vc_column][vc_column_text css=&#8221;.vc_custom_1738340672172{padding-top: 30px !important;}&#8221;]<\/p>\n<h4><strong>Individual status determination<\/strong><\/h4>\n<p>[\/vc_column_text][stm_steps][stm_step stm_step_title=&#8221;Benchmarking im Wettbewerbsumfeld&#8221; stm_step_content=&#8221;Sie legen bis zu 5 Wettbewerber fest, die wir in die Analyse einbeziehen. Unser Media Monitoring Quellenset besteht aus frei zug\u00e4nglichen redaktionellen Online-News auf Nachrichtenseiten und \u2013portalen, Leser-Kommentaren, Presseinformationen und sozialen Netzwerken (u.a.) im deutschsprachigen Raum.&#8221;][stm_step stm_step_title=&#8221;Reputations-Treiber in Branchen-Themen&#8221; stm_step_content=&#8221;Unsere Reputationsanalyse basiert auf dem Modell Fombruns und der US-amerikanischen Marktforschungsgesellschaft Harris Interactive mit den klassischen 5 Reputationsdimensionen. Zus\u00e4tzlich ermitteln wir die Treiber und Bremser \u00fcber KI gest\u00fctze Branchen-Themenanalysen.&#8221;][stm_step stm_step_title=&#8221;Ergebnispr\u00e4sentation mit Handlungsempfehlungen&#8221; stm_step_content=&#8221;Wir bereiten die Ergebnisse klar und verst\u00e4ndlich auf, sodass sofort erkennbar ist, wo St\u00e4rken und Schw\u00e4chen liegen und welche Ma\u00dfnahmen sich f\u00fcr eine Optimierung anbieten.&#8221;][\/stm_steps][\/vc_column][\/vc_row][vc_row css=&#8221;.vc_custom_1737450142593{margin-top: 50px !important;}&#8221;][vc_column][vc_custom_heading text=&#8221;Have your media reputation determined now.&#8221; font_container=&#8221;tag:h3|font_size:23|text_align:left&#8221; use_theme_fonts=&#8221;yes&#8221;][vc_column_text]<\/p>\n<h6>Fill out the form and order your Excellence Check Media Reputation for \u20ac2,900 (plus VAT)<\/h6>\n<p>[\/vc_column_text]\n<div class=\"wpcf7 no-js\" id=\"wpcf7-f10188-o1\" lang=\"de-DE\" dir=\"ltr\" data-wpcf7-id=\"10188\">\n<div class=\"screen-reader-response\"><p role=\"status\" aria-live=\"polite\" aria-atomic=\"true\"><\/p> <ul><\/ul><\/div>\n<form action=\"\/en\/wp-json\/wp\/v2\/pages\/10147#wpcf7-f10188-o1\" method=\"post\" class=\"wpcf7-form init\" aria-label=\"Kontaktformular\" novalidate=\"novalidate\" data-status=\"init\">\n<fieldset class=\"hidden-fields-container\"><input type=\"hidden\" name=\"_wpcf7\" value=\"10188\" \/><input type=\"hidden\" name=\"_wpcf7_version\" value=\"6.1.5\" \/><input type=\"hidden\" name=\"_wpcf7_locale\" value=\"de_DE\" \/><input type=\"hidden\" name=\"_wpcf7_unit_tag\" value=\"wpcf7-f10188-o1\" \/><input type=\"hidden\" name=\"_wpcf7_container_post\" value=\"0\" \/><input type=\"hidden\" name=\"_wpcf7_posted_data_hash\" value=\"\" \/>\n<\/fieldset>\n<div class=\"request_callback\">\n    <div class=\"row\" style=\"margin: 0 -13px;\">\n        <div class=\"col-lg-6 col-md-6 col-sm-6 col-xs-12\">\n            <div class=\"input-group\">\n                <span class=\"wpcf7-form-control-wrap\" data-name=\"text-vorname\"><input size=\"40\" maxlength=\"400\" class=\"wpcf7-form-control wpcf7-text wpcf7-validates-as-required\" aria-required=\"true\" aria-invalid=\"false\" placeholder=\"Vorname *\" value=\"\" type=\"text\" name=\"text-vorname\" \/><\/span>\n            <\/div>\n            <div class=\"input-group\">\n                <span class=\"wpcf7-form-control-wrap\" data-name=\"text-wettbewerber\"><input size=\"40\" maxlength=\"400\" class=\"wpcf7-form-control wpcf7-text wpcf7-validates-as-required\" aria-required=\"true\" aria-invalid=\"false\" placeholder=\"Ihr pers\u00f6nlicher Benchmark (Vier Wettbewerber) *\" value=\"\" type=\"text\" name=\"text-wettbewerber\" \/><\/span>\n            <\/div>\n            <div class=\"input-group\">\n                <span class=\"wpcf7-form-control-wrap\" data-name=\"text-unternehmen\"><input size=\"40\" maxlength=\"400\" class=\"wpcf7-form-control wpcf7-text wpcf7-validates-as-required\" aria-required=\"true\" aria-invalid=\"false\" placeholder=\"Unternehmen *\" value=\"\" type=\"text\" name=\"text-unternehmen\" \/><\/span>\n            <\/div>\n            <div class=\"input-group\">\n                <span class=\"wpcf7-form-control-wrap\" data-name=\"rechnungsanschrift\"><input size=\"40\" maxlength=\"400\" class=\"wpcf7-form-control wpcf7-text wpcf7-validates-as-required\" aria-required=\"true\" aria-invalid=\"false\" placeholder=\"Rechnungsanschrift *\" value=\"\" type=\"text\" name=\"rechnungsanschrift\" \/><\/span>\n            <\/div>\n        <\/div>\n        <div class=\"col-lg-6 col-md-6 col-sm-6 col-xs-12\">\n            <div class=\"input-group\">\n                <span class=\"wpcf7-form-control-wrap\" data-name=\"text-name\"><input size=\"40\" maxlength=\"400\" class=\"wpcf7-form-control wpcf7-text wpcf7-validates-as-required\" aria-required=\"true\" aria-invalid=\"false\" placeholder=\"Name *\" value=\"\" type=\"text\" name=\"text-name\" \/><\/span>\n            <\/div>\n            <div class=\"input-group\">\n                <span class=\"wpcf7-form-control-wrap\" data-name=\"phone\"><input size=\"40\" maxlength=\"400\" class=\"wpcf7-form-control wpcf7-tel wpcf7-validates-as-required wpcf7-text wpcf7-validates-as-tel\" aria-required=\"true\" aria-invalid=\"false\" placeholder=\"Telefon *\" value=\"\" type=\"tel\" name=\"phone\" \/><\/span>\n            <\/div>\n            <div class=\"input-group\">\n                <span class=\"wpcf7-form-control-wrap\" data-name=\"email\"><input size=\"40\" maxlength=\"400\" class=\"wpcf7-form-control wpcf7-email wpcf7-validates-as-required wpcf7-text wpcf7-validates-as-email\" aria-required=\"true\" aria-invalid=\"false\" placeholder=\"E-Mail *\" value=\"\" type=\"email\" name=\"email\" \/><\/span>\n            <\/div>\n<div class=\"input-group\">\n                <button type=\"submit\" class=\"button size-lg icon_right\">senden <i class=\"fa fa-chevron-right\"><\/i><\/button>\n            <\/div>            \n        <\/div>\n    <\/div>\n<\/div>\n\n<div id=\"cf7sr-69f0c99b47826\" class=\"cf7sr-g-recaptcha\" data-redirect=\"\"\n     data-theme=\"light\" data-type=\"image\" data-size=\"normal\" data-sitekey=\"6Lf6r1QpAAAAABTp64d0MMNz89J-9lILbH3htTSF\"><\/div><span class=\"wpcf7-form-control-wrap cf7sr-recaptcha\" data-name=\"cf7sr-recaptcha\"><input type=\"hidden\" name=\"cf7sr-recaptcha\" value=\"\" class=\"wpcf7-form-control\"><\/span><div class=\"wpcf7-response-output\" aria-hidden=\"true\"><\/div>\n<\/form>\n<\/div>\n[stm_spacing lg_spacing=&#8221;50&#8243; md_spacing=&#8221;50&#8243; sm_spacing=&#8221;30&#8243; xs_spacing=&#8221;30&#8243;][\/vc_column][\/vc_row][vc_row full_width=&#8221;stretch_row&#8221; el_class=&#8221;third_bg_color&#8221; el_id=&#8221;Buy&#8221;][vc_column][stm_spacing lg_spacing=&#8221;30&#8243; md_spacing=&#8221;30&#8243; sm_spacing=&#8221;30&#8243; xs_spacing=&#8221;30&#8243;][vc_cta h2=&#8221;Initiatives around the topic of CommTech&#8221; h2_font_container=&#8221;tag:h2|font_size:20px|text_align:left|color:%23ffffff|line_height:24px&#8221; h2_use_theme_fonts=&#8221;yes&#8221; shape=&#8221;square&#8221; style=&#8221;custom&#8221; add_button=&#8221;right&#8221; btn_title=&#8221;To our initiatives&#8221; btn_style=&#8221;flat&#8221; btn_color=&#8221;theme_style_5&#8243; btn_size=&#8221;lg&#8221; btn_align=&#8221;right&#8221; btn_i_align=&#8221;right&#8221; btn_i_icon_fontawesome=&#8221;stm-popup-close&#8221; particles=&#8221;yes&#8221; use_custom_fonts_h2=&#8221;true&#8221; btn_add_icon=&#8221;true&#8221; btn_link=&#8221;url:https%3A%2F%2Fagcommtech.de%2Fmitmachen%2Finitiativen%2F|title:Initiative|&#8221; css=&#8221;.vc_custom_1686411705325{margin-bottom: 0px !important;}&#8221; custom_background=&#8221;#009535&#8243; custom_text=&#8221;#274856&#8243; el_class=&#8221;third_bg_color&#8221;][\/vc_cta][stm_spacing lg_spacing=&#8221;0&#8243; md_spacing=&#8221;0&#8243; sm_spacing=&#8221;1&#8243; xs_spacing=&#8221;1&#8243;][\/vc_column][\/vc_row][vc_row full_width=&#8221;stretch_row&#8221; css=&#8221;.vc_custom_1691588797528{margin-bottom: -100px !important;background-color: #ffffff !important;}&#8221;][vc_column width=&#8221;1\/4&#8243;][stm_spacing lg_spacing=&#8221;15&#8243; md_spacing=&#8221;15&#8243; sm_spacing=&#8221;15&#8243; xs_spacing=&#8221;15&#8243;][vc_gallery images=&#8221;11105&#8243; img_size=&#8221;200&#215;100&#8243; onclick=&#8221;custom_link&#8221; custom_links_target=&#8221;_blank&#8221; custom_links=&#8221;#E-8_aHR0cHMlM0ElMkYlMkZ3d3cuaW13Zi5kZSUyRg==&#8221;][\/vc_column][vc_column width=&#8221;1\/4&#8243;][stm_spacing lg_spacing=&#8221;15&#8243; md_spacing=&#8221;15&#8243; sm_spacing=&#8221;15&#8243; xs_spacing=&#8221;15&#8243;][vc_gallery images=&#8221;11084&#8243; img_size=&#8221;200&#215;100&#8243; onclick=&#8221;custom_link&#8221; custom_links_target=&#8221;_blank&#8221; custom_links=&#8221;#E-8_aHR0cHMlM0ElMkYlMkZ3d3cucHJlc3NyZWxhdGlvbnMuY29tJTJGZGUlMkYlM0ZnY2xpZCUzRENqd0tDQWp3X2FlbUJoQkxFaXdBVDk4Rk1nSTJiZmZHaWdjc3ZfQmtoYVFXc3d2V3c5MlZ3ZEZ5YVNOOFBnRjV3YWZfZXBsb0EtMWdhQm9DRDhVUUF2RF9Cd0U=&#8221;][\/vc_column][vc_column width=&#8221;1\/4&#8243;][stm_spacing lg_spacing=&#8221;15&#8243; md_spacing=&#8221;15&#8243; sm_spacing=&#8221;15&#8243; xs_spacing=&#8221;15&#8243;][vc_gallery images=&#8221;11086&#8243; img_size=&#8221;200&#215;100&#8243; onclick=&#8221;custom_link&#8221; custom_links_target=&#8221;_blank&#8221; custom_links=&#8221;#E-8_aHR0cHMlM0ElMkYlMkZ3d3cueWVzc3ByZXNzLmNvbSUyRg==&#8221;][\/vc_column][vc_column width=&#8221;1\/4&#8243;][stm_spacing lg_spacing=&#8221;15&#8243; md_spacing=&#8221;15&#8243; sm_spacing=&#8221;15&#8243; xs_spacing=&#8221;15&#8243;][vc_gallery images=&#8221;11082&#8243; img_size=&#8221;200&#215;100&#8243; onclick=&#8221;custom_link&#8221; custom_links_target=&#8221;_blank&#8221; custom_links=&#8221;#E-8_aHR0cHMlM0ElMkYlMkZ3d3cuYXVkaS5kZSUyRmRlJTJGYnJhbmQlMkZkZSUyRmhhZW5kbGVyc3VjaGUuaHRtbCUzRmNzcmVmJTNEc2VhJTNBY2RpJTNBNTI0MDYxMDczNTNfYXVkLTMzODEwNjQ3ODUwMCUzQWt3ZC0zMDc0NTA2ODA2ODIlMjZnY2xpZCUzRENqd0tDQWp3X2FlbUJoQkxFaXdBVDk4Rk1rX1N6T1Bmd3dSaWVmUExLNmxkQkFTVzBTVlJEXzFhbGUyNUNadlRsV1owM2txVlRzUUl1eG9DcTNJUUF2RF9Cd0UlMjZnY2xzcmMlM0Rhdy5kcw==&#8221;][\/vc_column][\/vc_row]<\/p>\n<\/section>","protected":false},"excerpt":{"rendered":"<p>[vc_row full_width=&#8221;stretch_row&#8221; css=&#8221;.vc_custom_1713189085169{padding-top: 35px !important;padding-bottom: 35px !important;background-color: #419342 !important;}&#8221;][vc_column][vc_column_text] Excellence Check: Media Reputation Our reputation check is an essential tool for corporate communications to continuously measure and specifically manage the public perception of your company. It enables you to identify risks at an early stage, exploit opportunities and position your company as a credible and<\/p>\n","protected":false},"author":1,"featured_media":0,"parent":0,"menu_order":0,"comment_status":"closed","ping_status":"closed","template":"","meta":{"footnotes":""},"class_list":["post-10147","page","type-page","status-publish","hentry"],"yoast_head":"<!-- This site is optimized with the Yoast SEO plugin v27.4 - https:\/\/yoast.com\/product\/yoast-seo-wordpress\/ -->\n<title>Excellence Check Media Reputation - IMWF Institut<\/title>\n<meta name=\"robots\" content=\"index, follow, max-snippet:-1, max-image-preview:large, max-video-preview:-1\" \/>\n<link rel=\"canonical\" href=\"https:\/\/www.imwf.de\/en\/excellence-check-reputations-for-corporate-communications\/\" \/>\n<meta property=\"og:locale\" content=\"en_US\" \/>\n<meta property=\"og:type\" content=\"article\" \/>\n<meta property=\"og:title\" content=\"Excellence Check Media Reputation - IMWF Institut\" \/>\n<meta property=\"og:description\" content=\"[vc_row full_width=&#8221;stretch_row&#8221; css=&#8221;.vc_custom_1713189085169{padding-top: 35px !important;padding-bottom: 35px !important;background-color: #419342 !important;}&#8221;][vc_column][vc_column_text] Excellence Check: Media Reputation Our reputation check is an essential tool for corporate communications to continuously measure and specifically manage the public perception of your company. It enables you to identify risks at an early stage, exploit opportunities and position your company as a credible and\" \/>\n<meta property=\"og:url\" content=\"https:\/\/www.imwf.de\/en\/excellence-check-reputations-for-corporate-communications\/\" \/>\n<meta property=\"og:site_name\" content=\"IMWF Institut\" \/>\n<meta property=\"article:modified_time\" content=\"2025-10-14T12:33:16+00:00\" \/>\n<meta name=\"twitter:card\" content=\"summary_large_image\" \/>\n<meta name=\"twitter:label1\" content=\"Est. reading time\" \/>\n\t<meta name=\"twitter:data1\" content=\"5 minutes\" \/>\n<script type=\"application\/ld+json\" class=\"yoast-schema-graph\">{\"@context\":\"https:\\\/\\\/schema.org\",\"@graph\":[{\"@type\":\"WebPage\",\"@id\":\"https:\\\/\\\/www.imwf.de\\\/en\\\/excellence-check-reputations-for-corporate-communications\\\/\",\"url\":\"https:\\\/\\\/www.imwf.de\\\/en\\\/excellence-check-reputations-for-corporate-communications\\\/\",\"name\":\"Excellence Check Media Reputation - IMWF Institut\",\"isPartOf\":{\"@id\":\"https:\\\/\\\/www.imwf.de\\\/#website\"},\"datePublished\":\"2025-01-21T09:18:03+00:00\",\"dateModified\":\"2025-10-14T12:33:16+00:00\",\"breadcrumb\":{\"@id\":\"https:\\\/\\\/www.imwf.de\\\/en\\\/excellence-check-reputations-for-corporate-communications\\\/#breadcrumb\"},\"inLanguage\":\"en-US\",\"potentialAction\":[{\"@type\":\"ReadAction\",\"target\":[\"https:\\\/\\\/www.imwf.de\\\/en\\\/excellence-check-reputations-for-corporate-communications\\\/\"]}]},{\"@type\":\"BreadcrumbList\",\"@id\":\"https:\\\/\\\/www.imwf.de\\\/en\\\/excellence-check-reputations-for-corporate-communications\\\/#breadcrumb\",\"itemListElement\":[{\"@type\":\"ListItem\",\"position\":1,\"name\":\"Startseite\",\"item\":\"https:\\\/\\\/www.imwf.de\\\/en\\\/home\\\/\"},{\"@type\":\"ListItem\",\"position\":2,\"name\":\"Excellence Check Media Reputation\"}]},{\"@type\":\"WebSite\",\"@id\":\"https:\\\/\\\/www.imwf.de\\\/#website\",\"url\":\"https:\\\/\\\/www.imwf.de\\\/\",\"name\":\"IMWF Institut\",\"description\":\"\",\"publisher\":{\"@id\":\"https:\\\/\\\/www.imwf.de\\\/#organization\"},\"potentialAction\":[{\"@type\":\"SearchAction\",\"target\":{\"@type\":\"EntryPoint\",\"urlTemplate\":\"https:\\\/\\\/www.imwf.de\\\/?s={search_term_string}\"},\"query-input\":{\"@type\":\"PropertyValueSpecification\",\"valueRequired\":true,\"valueName\":\"search_term_string\"}}],\"inLanguage\":\"en-US\"},{\"@type\":\"Organization\",\"@id\":\"https:\\\/\\\/www.imwf.de\\\/#organization\",\"name\":\"IMWF Institut\",\"url\":\"https:\\\/\\\/www.imwf.de\\\/\",\"logo\":{\"@type\":\"ImageObject\",\"inLanguage\":\"en-US\",\"@id\":\"https:\\\/\\\/www.imwf.de\\\/#\\\/schema\\\/logo\\\/image\\\/\",\"url\":\"https:\\\/\\\/www.imwf.de\\\/wp-content\\\/uploads\\\/2023\\\/02\\\/cropped-logo-3.png\",\"contentUrl\":\"https:\\\/\\\/www.imwf.de\\\/wp-content\\\/uploads\\\/2023\\\/02\\\/cropped-logo-3.png\",\"width\":512,\"height\":512,\"caption\":\"IMWF Institut\"},\"image\":{\"@id\":\"https:\\\/\\\/www.imwf.de\\\/#\\\/schema\\\/logo\\\/image\\\/\"},\"sameAs\":[\"https:\\\/\\\/www.youtube.com\\\/@imwf.whatreallymatters.7016\"]}]}<\/script>\n<!-- \/ Yoast SEO plugin. -->","yoast_head_json":{"title":"Excellence Check Media Reputation - IMWF Institut","robots":{"index":"index","follow":"follow","max-snippet":"max-snippet:-1","max-image-preview":"max-image-preview:large","max-video-preview":"max-video-preview:-1"},"canonical":"https:\/\/www.imwf.de\/en\/excellence-check-reputations-for-corporate-communications\/","og_locale":"en_US","og_type":"article","og_title":"Excellence Check Media Reputation - IMWF Institut","og_description":"[vc_row full_width=&#8221;stretch_row&#8221; css=&#8221;.vc_custom_1713189085169{padding-top: 35px !important;padding-bottom: 35px !important;background-color: #419342 !important;}&#8221;][vc_column][vc_column_text] Excellence Check: Media Reputation Our reputation check is an essential tool for corporate communications to continuously measure and specifically manage the public perception of your company. It enables you to identify risks at an early stage, exploit opportunities and position your company as a credible and","og_url":"https:\/\/www.imwf.de\/en\/excellence-check-reputations-for-corporate-communications\/","og_site_name":"IMWF Institut","article_modified_time":"2025-10-14T12:33:16+00:00","twitter_card":"summary_large_image","twitter_misc":{"Est. reading time":"5 minutes"},"schema":{"@context":"https:\/\/schema.org","@graph":[{"@type":"WebPage","@id":"https:\/\/www.imwf.de\/en\/excellence-check-reputations-for-corporate-communications\/","url":"https:\/\/www.imwf.de\/en\/excellence-check-reputations-for-corporate-communications\/","name":"Excellence Check Media Reputation - IMWF Institut","isPartOf":{"@id":"https:\/\/www.imwf.de\/#website"},"datePublished":"2025-01-21T09:18:03+00:00","dateModified":"2025-10-14T12:33:16+00:00","breadcrumb":{"@id":"https:\/\/www.imwf.de\/en\/excellence-check-reputations-for-corporate-communications\/#breadcrumb"},"inLanguage":"en-US","potentialAction":[{"@type":"ReadAction","target":["https:\/\/www.imwf.de\/en\/excellence-check-reputations-for-corporate-communications\/"]}]},{"@type":"BreadcrumbList","@id":"https:\/\/www.imwf.de\/en\/excellence-check-reputations-for-corporate-communications\/#breadcrumb","itemListElement":[{"@type":"ListItem","position":1,"name":"Startseite","item":"https:\/\/www.imwf.de\/en\/home\/"},{"@type":"ListItem","position":2,"name":"Excellence Check Media Reputation"}]},{"@type":"WebSite","@id":"https:\/\/www.imwf.de\/#website","url":"https:\/\/www.imwf.de\/","name":"IMWF Institut","description":"","publisher":{"@id":"https:\/\/www.imwf.de\/#organization"},"potentialAction":[{"@type":"SearchAction","target":{"@type":"EntryPoint","urlTemplate":"https:\/\/www.imwf.de\/?s={search_term_string}"},"query-input":{"@type":"PropertyValueSpecification","valueRequired":true,"valueName":"search_term_string"}}],"inLanguage":"en-US"},{"@type":"Organization","@id":"https:\/\/www.imwf.de\/#organization","name":"IMWF Institut","url":"https:\/\/www.imwf.de\/","logo":{"@type":"ImageObject","inLanguage":"en-US","@id":"https:\/\/www.imwf.de\/#\/schema\/logo\/image\/","url":"https:\/\/www.imwf.de\/wp-content\/uploads\/2023\/02\/cropped-logo-3.png","contentUrl":"https:\/\/www.imwf.de\/wp-content\/uploads\/2023\/02\/cropped-logo-3.png","width":512,"height":512,"caption":"IMWF Institut"},"image":{"@id":"https:\/\/www.imwf.de\/#\/schema\/logo\/image\/"},"sameAs":["https:\/\/www.youtube.com\/@imwf.whatreallymatters.7016"]}]}},"_links":{"self":[{"href":"https:\/\/www.imwf.de\/en\/wp-json\/wp\/v2\/pages\/10147","targetHints":{"allow":["GET"]}}],"collection":[{"href":"https:\/\/www.imwf.de\/en\/wp-json\/wp\/v2\/pages"}],"about":[{"href":"https:\/\/www.imwf.de\/en\/wp-json\/wp\/v2\/types\/page"}],"author":[{"embeddable":true,"href":"https:\/\/www.imwf.de\/en\/wp-json\/wp\/v2\/users\/1"}],"replies":[{"embeddable":true,"href":"https:\/\/www.imwf.de\/en\/wp-json\/wp\/v2\/comments?post=10147"}],"version-history":[{"count":52,"href":"https:\/\/www.imwf.de\/en\/wp-json\/wp\/v2\/pages\/10147\/revisions"}],"predecessor-version":[{"id":12677,"href":"https:\/\/www.imwf.de\/en\/wp-json\/wp\/v2\/pages\/10147\/revisions\/12677"}],"wp:attachment":[{"href":"https:\/\/www.imwf.de\/en\/wp-json\/wp\/v2\/media?parent=10147"}],"curies":[{"name":"wp","href":"https:\/\/api.w.org\/{rel}","templated":true}]}}