{"id":11333,"date":"2025-04-03T20:43:09","date_gmt":"2025-04-03T20:43:09","guid":{"rendered":"https:\/\/www.imwf.de\/consulting\/"},"modified":"2025-05-11T17:33:34","modified_gmt":"2025-05-11T17:33:34","slug":"consulting","status":"publish","type":"page","link":"https:\/\/www.imwf.de\/en\/consulting\/","title":{"rendered":"Consulting"},"content":{"rendered":"<section class=\"wpb-content-wrapper\"><p>[vc_row full_width=&#8221;stretch_row&#8221; css=&#8221;.vc_custom_1743708564677{padding-top: 35px !important;padding-bottom: 35px !important;background-color: #00123a !important;}&#8221;][vc_column][vc_column_text]<\/p>\n<blockquote style=\"background-color: #ffffff;\">\n<h3 style=\"text-align: left;\"><strong>Consulting<br \/>\n<\/strong><\/h3>\n<p>We advise continuously, analyze ad hoc and develop targeted recommendations for action.<\/p><\/blockquote>\n<p>[\/vc_column_text][\/vc_column][\/vc_row][vc_row content_placement=&#8221;top&#8221; css=&#8221;.vc_custom_1746630462584{margin-top: 50px !important;margin-bottom: 50px !important;}&#8221;][vc_column width=&#8221;1\/3&#8243;][stm_info_box title=&#8221;Accompaniment&#8221; css=&#8221;.vc_custom_1746637137273{padding-right: 100px !important;}&#8221;]We provide continuous support in the application of our reporting solutions and analysis methods, e.g. in regular jour fixes. We interpret results together, further develop the reporting formats and optimize communication. [\/stm_info_box][\/vc_column][vc_column width=&#8221;1\/3&#8243;][stm_info_box title=&#8221;Workshops&#8221; css=&#8221;.vc_custom_1746637000267{padding-right: 100px !important;}&#8221;]Our individual workshop formats help people and teams. From the implementation of a KPI framework and the definition of communication goals to the development of strategic topic models or training courses on holistic data-based management. [\/stm_info_box][\/vc_column][vc_column width=&#8221;1\/3&#8243;][stm_info_box title=&#8221;Analyzes&#8221; css=&#8221;.vc_custom_1746636823844{padding-right: 100px !important;}&#8221;]We carry out individual deep dive analyses on campaigns, topics or individual strategic issues based on owned, paid, social and earned media. We use channel or content audits to evaluate the performance, efficiency and impact of communication and provide clear recommendations. [\/stm_info_box][\/vc_column][\/vc_row][vc_row full_width=&#8221;stretch_row_content&#8221; equal_height=&#8221;yes&#8221; content_placement=&#8221;middle&#8221;][vc_column width=&#8221;1\/3&#8243; css=&#8221;.vc_custom_1743709079126{background-color: #f2f2f2 !important;}&#8221;][vc_single_image image=&#8221;8007&#8243; img_size=&#8221;medium&#8221; alignment=&#8221;center&#8221;][\/vc_column][vc_column width=&#8221;2\/3&#8243; css=&#8221;.vc_custom_1743712889632{border-bottom-width: 35px !important;padding-top: 35px !important;padding-right: 30px !important;padding-left: 30px !important;background-color: #f2f2f2 !important;}&#8221;][vc_column_text]<\/p>\n<h4>Consultation appointment with:<br \/>\n<strong>Andreas Quest<\/strong><\/h4>\n<p>[\/vc_column_text][stm_info_box css=&#8221;.vc_custom_1746021302821{padding-right: 50px !important;}&#8221;]Beobachtet Medien und evaluiert Erfolg seit 1996. Westfale, Gr\u00fcnder und Vertriebsk\u00fcnstler. Leidenschaftlicher Erz\u00e4hler, Gesch\u00e4ftsentwickler und Wertermittler. Bringt jungen (und \u00e4lteren) Menschen Kommunikations-Controlling bei, u.a. an der International School of Management und ist studierter Historiker und Philosoph.[\/stm_info_box][vc_btn title=&#8221;Arrange a consultation appointment&#8221; color=&#8221;theme_style_5&#8243; link=&#8221;url:https%3A%2F%2Fimwf.pipedrive.com%2Fscheduler%2F0RM5wkh4%2Fprasentation-analysen-des-imwf|target:_blank|&#8221;][stm_spacing lg_spacing=&#8221;30&#8243; md_spacing=&#8221;20&#8243; sm_spacing=&#8221;10&#8243; xs_spacing=&#8221;10&#8243;][\/vc_column][\/vc_row][vc_row css=&#8221;.vc_custom_1743761985679{margin-top: 50px !important;}&#8221;][vc_column css_animation=&#8221;fadeInUp&#8221; width=&#8221;1\/4&#8243; css=&#8221;.vc_custom_1743762623193{padding-left: 20% !important;background-color: #c13a1c !important;}&#8221; el_class=&#8221;position-relative&#8221;][vc_column_text css_animation=&#8221;none&#8221; css=&#8221;.vc_custom_1746020706255{margin-top: -15px !important;margin-bottom: 10px !important;}&#8221;]<a class=\"full-link\" href=\"https:\/\/www.imwf.de\/en\/content-performance\/\"><span style=\"color: #c13a1c; font-size: 24px;\">.<\/span><\/a><br \/>\n<strong><span style=\"color: #ffffff; font-size: 24px;\">Content<\/span><\/strong><br \/>\n<span style=\"color: #ffffff; font-size: 24px;\">PERFORMANCE<\/span>[\/vc_column_text][\/vc_column][vc_column css_animation=&#8221;fadeInUp&#8221; width=&#8221;1\/4&#8243; css=&#8221;.vc_custom_1743763047411{padding-left: 20% !important;background-color: #dea055 !important;}&#8221;][vc_column_text css=&#8221;.vc_custom_1746020725292{margin-top: -15px !important;margin-bottom: 10px !important;}&#8221;]<a class=\"full-link\" href=\"https:\/\/www.imwf.de\/en\/media-intelligence\/\"><span style=\"color: #dea055; font-size: 24px;\">.<\/span><\/a><br \/>\n<strong><span style=\"color: #ffffff; font-size: 24px;\">Media<\/span><\/strong><br \/>\n<span style=\"color: #ffffff; font-size: 24px;\">INTELLIGENCE<\/span>[\/vc_column_text][\/vc_column][vc_column css_animation=&#8221;fadeInUp&#8221; width=&#8221;1\/4&#8243; css=&#8221;.vc_custom_1743440161653{padding-left: 20% !important;background-color: #5d6da1 !important;}&#8221;][vc_column_text css=&#8221;.vc_custom_1746020718161{margin-top: -15px !important;margin-bottom: 10px !important;}&#8221;]<a class=\"full-link\" href=\"https:\/\/www.imwf.de\/en\/media-reputation\/\"><span style=\"color: #5d6da1; font-size: 24px;\">.<\/span><\/a><br \/>\n<strong><span style=\"color: #ffffff; font-size: 24px;\">Media<\/span><\/strong><br \/>\n<span style=\"color: #ffffff; font-size: 24px;\">REPUTATION<\/span>[\/vc_column_text][\/vc_column][vc_column css_animation=&#8221;fadeInUp&#8221; width=&#8221;1\/4&#8243; css=&#8221;.vc_custom_1743763119256{padding-left: 20% !important;background-color: #2e6a2f !important;}&#8221;][vc_column_text css=&#8221;.vc_custom_1746020731628{margin-top: -15px !important;margin-bottom: 10px !important;}&#8221;]<a class=\"full-link\" href=\"https:\/\/www.imwf.de\/en\/brand-value\/\"><span style=\"color: #2e6a2f; font-size: 24px;\">.<\/span><\/a><br \/>\n<strong><span style=\"color: #ffffff; font-size: 24px;\">Brand<\/span><\/strong><br \/>\n<span style=\"color: #ffffff; font-size: 24px;\">VALUE<\/span>[\/vc_column_text][\/vc_column][\/vc_row][vc_row css=&#8221;.vc_custom_1743761973745{margin-bottom: 50px !important;}&#8221;][vc_column css_animation=&#8221;fadeInUp&#8221; css=&#8221;.vc_custom_1743761979114{background-color: #1d284b !important;}&#8221;][vc_column_text css=&#8221;.vc_custom_1746020741434{margin-top: -15px !important;margin-bottom: 10px !important;}&#8221;]<\/p>\n<p style=\"text-align: center;\"><a class=\"full-link\" href=\"https:\/\/www.imwf.de\/en\/communications-controlling\/\"><span style=\"color: #1d284b; font-size: 24px;\">.<\/span><\/a><br \/>\n<strong><span style=\"color: #ffffff; font-size: 24px;\">Communications <\/span><\/strong><span style=\"color: #ffffff; font-size: 24px;\">CONTROLLING<\/span><\/p>\n<p>[\/vc_column_text][\/vc_column][\/vc_row][vc_row full_width=&#8221;stretch_row&#8221; el_class=&#8221;third_bg_color&#8221; el_id=&#8221;Buy&#8221;][vc_column][stm_spacing lg_spacing=&#8221;30&#8243; md_spacing=&#8221;30&#8243; sm_spacing=&#8221;30&#8243; xs_spacing=&#8221;30&#8243;][vc_cta h2=&#8221;Initiatives around the topic of CommTech&#8221; h2_font_container=&#8221;tag:h2|font_size:20px|text_align:left|color:%23ffffff|line_height:24px&#8221; h2_use_theme_fonts=&#8221;yes&#8221; shape=&#8221;square&#8221; style=&#8221;custom&#8221; add_button=&#8221;right&#8221; btn_title=&#8221;To our initiatives&#8221; btn_style=&#8221;flat&#8221; btn_color=&#8221;theme_style_5&#8243; btn_size=&#8221;lg&#8221; btn_align=&#8221;right&#8221; btn_i_align=&#8221;right&#8221; btn_i_icon_fontawesome=&#8221;stm-popup-close&#8221; particles=&#8221;yes&#8221; use_custom_fonts_h2=&#8221;true&#8221; btn_add_icon=&#8221;true&#8221; btn_link=&#8221;url:https%3A%2F%2Fagcommtech.de%2Fmitmachen%2Finitiativen%2F|title:Initiative|&#8221; css=&#8221;.vc_custom_1686411705325{margin-bottom: 0px !important;}&#8221; custom_background=&#8221;#009535&#8243; custom_text=&#8221;#274856&#8243; el_class=&#8221;third_bg_color&#8221;][\/vc_cta][stm_spacing lg_spacing=&#8221;0&#8243; md_spacing=&#8221;0&#8243; sm_spacing=&#8221;1&#8243; xs_spacing=&#8221;1&#8243;][\/vc_column][\/vc_row][vc_row full_width=&#8221;stretch_row&#8221; css=&#8221;.vc_custom_1691588797528{margin-bottom: -100px !important;background-color: #ffffff !important;}&#8221;][vc_column width=&#8221;1\/4&#8243; el_id=&#8221;content-performance&#8221;][stm_spacing lg_spacing=&#8221;15&#8243; md_spacing=&#8221;15&#8243; sm_spacing=&#8221;15&#8243; xs_spacing=&#8221;15&#8243;][vc_gallery images=&#8221;11105&#8243; img_size=&#8221;200&#215;100&#8243; onclick=&#8221;custom_link&#8221; custom_links_target=&#8221;_blank&#8221; custom_links=&#8221;#E-8_aHR0cHMlM0ElMkYlMkZ3d3cuaW13Zi5kZSUyRg==&#8221;][\/vc_column][vc_column width=&#8221;1\/4&#8243;][stm_spacing lg_spacing=&#8221;15&#8243; md_spacing=&#8221;15&#8243; sm_spacing=&#8221;15&#8243; xs_spacing=&#8221;15&#8243;][vc_gallery images=&#8221;11084&#8243; img_size=&#8221;200&#215;100&#8243; onclick=&#8221;custom_link&#8221; custom_links_target=&#8221;_blank&#8221; custom_links=&#8221;#E-8_aHR0cHMlM0ElMkYlMkZ3d3cucHJlc3NyZWxhdGlvbnMuY29tJTJGZGUlMkYlM0ZnY2xpZCUzRENqd0tDQWp3X2FlbUJoQkxFaXdBVDk4Rk1nSTJiZmZHaWdjc3ZfQmtoYVFXc3d2V3c5MlZ3ZEZ5YVNOOFBnRjV3YWZfZXBsb0EtMWdhQm9DRDhVUUF2RF9Cd0U=&#8221;][\/vc_column][vc_column width=&#8221;1\/4&#8243;][stm_spacing lg_spacing=&#8221;15&#8243; md_spacing=&#8221;15&#8243; sm_spacing=&#8221;15&#8243; xs_spacing=&#8221;15&#8243;][vc_gallery images=&#8221;11086&#8243; img_size=&#8221;200&#215;100&#8243; onclick=&#8221;custom_link&#8221; custom_links_target=&#8221;_blank&#8221; custom_links=&#8221;#E-8_aHR0cHMlM0ElMkYlMkZ3d3cueWVzc3ByZXNzLmNvbSUyRg==&#8221;][\/vc_column][vc_column width=&#8221;1\/4&#8243;][stm_spacing lg_spacing=&#8221;15&#8243; md_spacing=&#8221;15&#8243; sm_spacing=&#8221;15&#8243; xs_spacing=&#8221;15&#8243;][vc_gallery images=&#8221;11082&#8243; img_size=&#8221;200&#215;100&#8243; onclick=&#8221;custom_link&#8221; custom_links_target=&#8221;_blank&#8221; custom_links=&#8221;#E-8_aHR0cHMlM0ElMkYlMkZ3d3cuYXVkaS5kZSUyRmRlJTJGYnJhbmQlMkZkZSUyRmhhZW5kbGVyc3VjaGUuaHRtbCUzRmNzcmVmJTNEc2VhJTNBY2RpJTNBNTI0MDYxMDczNTNfYXVkLTMzODEwNjQ3ODUwMCUzQWt3ZC0zMDc0NTA2ODA2ODIlMjZnY2xpZCUzRENqd0tDQWp3X2FlbUJoQkxFaXdBVDk4Rk1rX1N6T1Bmd3dSaWVmUExLNmxkQkFTVzBTVlJEXzFhbGUyNUNadlRsV1owM2txVlRzUUl1eG9DcTNJUUF2RF9Cd0UlMjZnY2xzcmMlM0Rhdy5kcw==&#8221;][\/vc_column][\/vc_row]<\/p>\n<\/section>","protected":false},"excerpt":{"rendered":"<p>[vc_row full_width=&#8221;stretch_row&#8221; css=&#8221;.vc_custom_1743708564677{padding-top: 35px !important;padding-bottom: 35px !important;background-color: #00123a !important;}&#8221;][vc_column][vc_column_text] Consulting We advise continuously, analyze ad hoc and develop targeted recommendations for action. [\/vc_column_text][\/vc_column][\/vc_row][vc_row content_placement=&#8221;top&#8221; css=&#8221;.vc_custom_1746630462584{margin-top: 50px !important;margin-bottom: 50px !important;}&#8221;][vc_column width=&#8221;1\/3&#8243;][stm_info_box title=&#8221;Accompaniment&#8221; css=&#8221;.vc_custom_1746637137273{padding-right: 100px !important;}&#8221;]We provide continuous support in the application of our reporting solutions and analysis methods, e.g. in regular jour fixes. We interpret results<\/p>\n","protected":false},"author":1,"featured_media":0,"parent":0,"menu_order":0,"comment_status":"closed","ping_status":"closed","template":"","meta":{"footnotes":""},"class_list":["post-11333","page","type-page","status-publish","hentry"],"yoast_head":"<!-- This site is optimized with the Yoast SEO plugin v27.5 - https:\/\/yoast.com\/product\/yoast-seo-wordpress\/ -->\n<title>Consulting - IMWF Institut<\/title>\n<meta name=\"description\" content=\"Consulting for data-based communication - with workshops, deep-dive analyses and continuous support to optimize your strategy.\" \/>\n<meta name=\"robots\" content=\"index, follow, max-snippet:-1, max-image-preview:large, max-video-preview:-1\" \/>\n<link rel=\"canonical\" href=\"https:\/\/www.imwf.de\/en\/consulting\/\" \/>\n<meta property=\"og:locale\" content=\"en_US\" \/>\n<meta property=\"og:type\" content=\"article\" \/>\n<meta property=\"og:title\" content=\"Consulting - IMWF Institut\" \/>\n<meta property=\"og:description\" content=\"Consulting for data-based communication - with workshops, deep-dive analyses and continuous support to optimize your strategy.\" \/>\n<meta property=\"og:url\" content=\"https:\/\/www.imwf.de\/en\/consulting\/\" \/>\n<meta property=\"og:site_name\" content=\"IMWF Institut\" \/>\n<meta property=\"article:modified_time\" content=\"2025-05-11T17:33:34+00:00\" \/>\n<meta name=\"twitter:card\" content=\"summary_large_image\" \/>\n<meta name=\"twitter:label1\" content=\"Est. reading time\" \/>\n\t<meta name=\"twitter:data1\" content=\"5 minutes\" \/>\n<script type=\"application\/ld+json\" class=\"yoast-schema-graph\">{\"@context\":\"https:\\\/\\\/schema.org\",\"@graph\":[{\"@type\":\"WebPage\",\"@id\":\"https:\\\/\\\/www.imwf.de\\\/en\\\/consulting\\\/\",\"url\":\"https:\\\/\\\/www.imwf.de\\\/en\\\/consulting\\\/\",\"name\":\"Consulting - IMWF Institut\",\"isPartOf\":{\"@id\":\"https:\\\/\\\/www.imwf.de\\\/#website\"},\"datePublished\":\"2025-04-03T20:43:09+00:00\",\"dateModified\":\"2025-05-11T17:33:34+00:00\",\"description\":\"Consulting for data-based communication - with workshops, deep-dive analyses and continuous support to optimize your strategy.\",\"breadcrumb\":{\"@id\":\"https:\\\/\\\/www.imwf.de\\\/en\\\/consulting\\\/#breadcrumb\"},\"inLanguage\":\"en-US\",\"potentialAction\":[{\"@type\":\"ReadAction\",\"target\":[\"https:\\\/\\\/www.imwf.de\\\/en\\\/consulting\\\/\"]}]},{\"@type\":\"BreadcrumbList\",\"@id\":\"https:\\\/\\\/www.imwf.de\\\/en\\\/consulting\\\/#breadcrumb\",\"itemListElement\":[{\"@type\":\"ListItem\",\"position\":1,\"name\":\"Startseite\",\"item\":\"https:\\\/\\\/www.imwf.de\\\/en\\\/home\\\/\"},{\"@type\":\"ListItem\",\"position\":2,\"name\":\"Consulting\"}]},{\"@type\":\"WebSite\",\"@id\":\"https:\\\/\\\/www.imwf.de\\\/#website\",\"url\":\"https:\\\/\\\/www.imwf.de\\\/\",\"name\":\"IMWF Institut\",\"description\":\"\",\"publisher\":{\"@id\":\"https:\\\/\\\/www.imwf.de\\\/#organization\"},\"potentialAction\":[{\"@type\":\"SearchAction\",\"target\":{\"@type\":\"EntryPoint\",\"urlTemplate\":\"https:\\\/\\\/www.imwf.de\\\/?s={search_term_string}\"},\"query-input\":{\"@type\":\"PropertyValueSpecification\",\"valueRequired\":true,\"valueName\":\"search_term_string\"}}],\"inLanguage\":\"en-US\"},{\"@type\":\"Organization\",\"@id\":\"https:\\\/\\\/www.imwf.de\\\/#organization\",\"name\":\"IMWF Institut\",\"url\":\"https:\\\/\\\/www.imwf.de\\\/\",\"logo\":{\"@type\":\"ImageObject\",\"inLanguage\":\"en-US\",\"@id\":\"https:\\\/\\\/www.imwf.de\\\/#\\\/schema\\\/logo\\\/image\\\/\",\"url\":\"https:\\\/\\\/www.imwf.de\\\/wp-content\\\/uploads\\\/2023\\\/02\\\/cropped-logo-3.png\",\"contentUrl\":\"https:\\\/\\\/www.imwf.de\\\/wp-content\\\/uploads\\\/2023\\\/02\\\/cropped-logo-3.png\",\"width\":512,\"height\":512,\"caption\":\"IMWF Institut\"},\"image\":{\"@id\":\"https:\\\/\\\/www.imwf.de\\\/#\\\/schema\\\/logo\\\/image\\\/\"},\"sameAs\":[\"https:\\\/\\\/www.youtube.com\\\/@imwf.whatreallymatters.7016\"]}]}<\/script>\n<!-- \/ Yoast SEO plugin. -->","yoast_head_json":{"title":"Consulting - IMWF Institut","description":"Consulting for data-based communication - with workshops, deep-dive analyses and continuous support to optimize your strategy.","robots":{"index":"index","follow":"follow","max-snippet":"max-snippet:-1","max-image-preview":"max-image-preview:large","max-video-preview":"max-video-preview:-1"},"canonical":"https:\/\/www.imwf.de\/en\/consulting\/","og_locale":"en_US","og_type":"article","og_title":"Consulting - IMWF Institut","og_description":"Consulting for data-based communication - with workshops, deep-dive analyses and continuous support to optimize your strategy.","og_url":"https:\/\/www.imwf.de\/en\/consulting\/","og_site_name":"IMWF Institut","article_modified_time":"2025-05-11T17:33:34+00:00","twitter_card":"summary_large_image","twitter_misc":{"Est. reading time":"5 minutes"},"schema":{"@context":"https:\/\/schema.org","@graph":[{"@type":"WebPage","@id":"https:\/\/www.imwf.de\/en\/consulting\/","url":"https:\/\/www.imwf.de\/en\/consulting\/","name":"Consulting - IMWF Institut","isPartOf":{"@id":"https:\/\/www.imwf.de\/#website"},"datePublished":"2025-04-03T20:43:09+00:00","dateModified":"2025-05-11T17:33:34+00:00","description":"Consulting for data-based communication - with workshops, deep-dive analyses and continuous support to optimize your strategy.","breadcrumb":{"@id":"https:\/\/www.imwf.de\/en\/consulting\/#breadcrumb"},"inLanguage":"en-US","potentialAction":[{"@type":"ReadAction","target":["https:\/\/www.imwf.de\/en\/consulting\/"]}]},{"@type":"BreadcrumbList","@id":"https:\/\/www.imwf.de\/en\/consulting\/#breadcrumb","itemListElement":[{"@type":"ListItem","position":1,"name":"Startseite","item":"https:\/\/www.imwf.de\/en\/home\/"},{"@type":"ListItem","position":2,"name":"Consulting"}]},{"@type":"WebSite","@id":"https:\/\/www.imwf.de\/#website","url":"https:\/\/www.imwf.de\/","name":"IMWF Institut","description":"","publisher":{"@id":"https:\/\/www.imwf.de\/#organization"},"potentialAction":[{"@type":"SearchAction","target":{"@type":"EntryPoint","urlTemplate":"https:\/\/www.imwf.de\/?s={search_term_string}"},"query-input":{"@type":"PropertyValueSpecification","valueRequired":true,"valueName":"search_term_string"}}],"inLanguage":"en-US"},{"@type":"Organization","@id":"https:\/\/www.imwf.de\/#organization","name":"IMWF Institut","url":"https:\/\/www.imwf.de\/","logo":{"@type":"ImageObject","inLanguage":"en-US","@id":"https:\/\/www.imwf.de\/#\/schema\/logo\/image\/","url":"https:\/\/www.imwf.de\/wp-content\/uploads\/2023\/02\/cropped-logo-3.png","contentUrl":"https:\/\/www.imwf.de\/wp-content\/uploads\/2023\/02\/cropped-logo-3.png","width":512,"height":512,"caption":"IMWF Institut"},"image":{"@id":"https:\/\/www.imwf.de\/#\/schema\/logo\/image\/"},"sameAs":["https:\/\/www.youtube.com\/@imwf.whatreallymatters.7016"]}]}},"_links":{"self":[{"href":"https:\/\/www.imwf.de\/en\/wp-json\/wp\/v2\/pages\/11333","targetHints":{"allow":["GET"]}}],"collection":[{"href":"https:\/\/www.imwf.de\/en\/wp-json\/wp\/v2\/pages"}],"about":[{"href":"https:\/\/www.imwf.de\/en\/wp-json\/wp\/v2\/types\/page"}],"author":[{"embeddable":true,"href":"https:\/\/www.imwf.de\/en\/wp-json\/wp\/v2\/users\/1"}],"replies":[{"embeddable":true,"href":"https:\/\/www.imwf.de\/en\/wp-json\/wp\/v2\/comments?post=11333"}],"version-history":[{"count":3,"href":"https:\/\/www.imwf.de\/en\/wp-json\/wp\/v2\/pages\/11333\/revisions"}],"predecessor-version":[{"id":11336,"href":"https:\/\/www.imwf.de\/en\/wp-json\/wp\/v2\/pages\/11333\/revisions\/11336"}],"wp:attachment":[{"href":"https:\/\/www.imwf.de\/en\/wp-json\/wp\/v2\/media?parent=11333"}],"curies":[{"name":"wp","href":"https:\/\/api.w.org\/{rel}","templated":true}]}}